{"id":6,"date":"2022-07-25T18:08:19","date_gmt":"2022-07-25T18:08:19","guid":{"rendered":"https:\/\/excelenciapesquisas.com.br\/?page_id=6"},"modified":"2022-08-30T21:12:46","modified_gmt":"2022-08-30T21:12:46","slug":"home","status":"publish","type":"page","link":"https:\/\/excelenciapesquisas.com.br\/","title":{"rendered":"Home"},"content":{"rendered":"\n<div class=\"wp-block-cover alignfull is-light\" style=\"min-height:700px;aspect-ratio:unset;\"><span aria-hidden=\"true\" class=\"wp-block-cover__background has-background-dim-0 has-background-dim\"><\/span><img decoding=\"async\" class=\"wp-block-cover__image-background\" alt=\"\" src=\"https:\/\/excelenciapesquisas.com.br\/wp-content\/themes\/neve\/assets\/img\/starter-content\/hero.jpg\" style=\"object-position:50% 64%\" data-object-fit=\"cover\" data-object-position=\"50% 64%\"\/><div class=\"wp-block-cover__inner-container is-layout-flow wp-block-cover-is-layout-flow\">\n<div style=\"height:50px\" aria-hidden=\"true\" class=\"wp-block-spacer\"><\/div>\n\n\n\n<h1 class=\"has-text-align-center has-text-color wp-block-heading\" style=\"color:#121212\">Conhe\u00e7a o curso Rota da Pesquisa<\/h1>\n\n\n\n<p class=\"has-text-align-center has-text-color\" style=\"color:#121212;font-size:17px\"><font style=\"vertical-align: inherit;\"><font style=\"vertical-align: inherit;\">Tudo que voc\u00ea precisa saber sobre pesquisas eleitorais em poucas horas, com uma din\u00e2mica de aulas em formato de podcast. \u00danico curso no mercado que mostra o universo das pesquisas em todas as suas etapas e ensina sobre os elementos para a impugna\u00e7\u00e3o e suspens\u00e3o da divulga\u00e7\u00e3o das mesmas, na pr\u00e1tica.<\/font><\/font><\/p>\n\n\n\n<div class=\"wp-block-buttons is-content-justification-center is-layout-flex wp-container-core-buttons-is-layout-a89b3969 wp-block-buttons-is-layout-flex\">\n<div class=\"wp-block-button is-style-primary\"><a class=\"wp-block-button__link\" href=\"https:\/\/api.whatsapp.com\/send?phone=5545999689179&amp;text=Ol%C3%A1%20Sandra!%20Gostaria%20de%20saber%20mais%20sobre%20os%20servi%C3%A7os%20da%20Excel%C3%AAncia%20Pesquisas.\" target=\"_blank\" rel=\"noreferrer noopener\"><font style=\"vertical-align: inherit;\"><font style=\"vertical-align: inherit;\">SAIBA MAI<\/font><\/font>S<\/a><\/div>\n\n\n\n<div class=\"wp-block-button is-style-secondary\"><a class=\"wp-block-button__link\" href=\"https:\/\/eleja.se\/rotadapesquisa\/\" target=\"_blank\" rel=\"noreferrer noopener\"><font style=\"vertical-align: inherit;\"><font style=\"vertical-align: inherit;\">Acesse a p\u00e1gina de vendas<\/font><\/font><\/a><\/div>\n<\/div>\n\n\n\n<div style=\"height:82px\" aria-hidden=\"true\" class=\"wp-block-spacer\"><\/div>\n\n\n\n<div style=\"height:0px\" aria-hidden=\"true\" class=\"wp-block-spacer\"><\/div>\n<\/div><\/div>\n\n\n\n<div style=\"height:80px\" aria-hidden=\"true\" class=\"wp-block-spacer\"><\/div>\n\n\n\n<div class=\"wp-block-columns is-layout-flex wp-container-core-columns-is-layout-28f84493 wp-block-columns-is-layout-flex\">\n<div class=\"wp-block-column is-layout-flow wp-block-column-is-layout-flow\">\n<figure class=\"wp-block-image aligncenter is-resized icon-style is-style-default\"><img loading=\"lazy\" decoding=\"async\" src=\"https:\/\/excelenciapesquisas.com.br\/wp-content\/themes\/neve\/assets\/img\/starter-content\/icon-03.svg\" alt=\"\" width=\"48\" height=\"48\"\/><\/figure>\n\n\n\n<h3 class=\"has-text-align-center has-neve-text-color-color has-text-color wp-block-heading\">Anos de experi\u00eancia<\/h3>\n\n\n\n<p class=\"has-text-align-center\">A Excel\u00eancia Pesquisa e Consultoria Ltda, fundada em 2013, fez v\u00e1rias pesquisas eleitorais registradas no TSE.<\/p>\n\n\n\n<div style=\"height:20px\" aria-hidden=\"true\" class=\"wp-block-spacer\"><\/div>\n<\/div>\n\n\n\n<div class=\"wp-block-column is-layout-flow wp-block-column-is-layout-flow\">\n<figure class=\"wp-block-image aligncenter is-resized icon-style is-style-default\"><img loading=\"lazy\" decoding=\"async\" src=\"https:\/\/excelenciapesquisas.com.br\/wp-content\/themes\/neve\/assets\/img\/starter-content\/icon-02.svg\" alt=\"\" width=\"48\" height=\"48\"\/><\/figure>\n\n\n\n<h3 class=\"has-text-align-center has-neve-text-color-color has-text-color wp-block-heading\">Servi\u00e7os Personalizados<\/h3>\n\n\n\n<p class=\"has-text-align-center\">Nossos servi\u00e7os s\u00e3o feitos sob medida. Antes de irmos a campo, estudamos sua necessidade e o melhor custo benef\u00edcio.<\/p>\n\n\n\n<div style=\"height:20px\" aria-hidden=\"true\" class=\"wp-block-spacer\"><\/div>\n<\/div>\n\n\n\n<div class=\"wp-block-column is-layout-flow wp-block-column-is-layout-flow\">\n<figure class=\"wp-block-image aligncenter is-resized icon-style is-style-rounded\"><img loading=\"lazy\" decoding=\"async\" src=\"https:\/\/excelenciapesquisas.com.br\/wp-content\/themes\/neve\/assets\/img\/starter-content\/icon-01.svg\" alt=\"\" width=\"48\" height=\"48\"\/><\/figure>\n\n\n\n<h3 class=\"has-text-align-center has-neve-text-color-color has-text-color wp-block-heading\">Agilidade<\/h3>\n\n\n\n<p class=\"has-text-align-center\">Servi\u00e7o \u00e1gil e preciso, com coleta de campo por meio de software especializado.<\/p>\n\n\n\n<div style=\"height:20px\" aria-hidden=\"true\" class=\"wp-block-spacer\"><\/div>\n<\/div>\n<\/div>\n\n\n\n<div style=\"height:40px\" aria-hidden=\"true\" class=\"wp-block-spacer\"><\/div>\n\n\n\n<div class=\"wp-block-cover alignfull\" style=\"min-height:600px;aspect-ratio:unset;\"><span aria-hidden=\"true\" class=\"wp-block-cover__background has-nv-light-bg-background-color has-background-dim-100 has-background-dim\"><\/span><div class=\"wp-block-cover__inner-container is-layout-flow wp-block-cover-is-layout-flow\">\n<div class=\"wp-block-group is-layout-flow wp-block-group-is-layout-flow\">\n<div style=\"height:50px\" aria-hidden=\"true\" class=\"wp-block-spacer\"><\/div>\n\n\n\n<div class=\"wp-block-columns are-vertically-aligned-center is-layout-flex wp-container-core-columns-is-layout-28f84493 wp-block-columns-is-layout-flex\">\n<div class=\"wp-block-column is-vertically-aligned-center is-layout-flow wp-block-column-is-layout-flow\" style=\"flex-basis:50%\">\n<figure class=\"wp-block-image aligncenter size-large\"><img loading=\"lazy\" decoding=\"async\" width=\"1024\" height=\"681\" src=\"https:\/\/excelenciapesquisas.com.br\/wp-content\/uploads\/2022\/08\/PESQUISA_SANDRA-KLEINSCHMITT-1024x681.jpg\" alt=\"\" class=\"wp-image-124\" srcset=\"https:\/\/excelenciapesquisas.com.br\/wp-content\/uploads\/2022\/08\/PESQUISA_SANDRA-KLEINSCHMITT-1024x681.jpg 1024w, https:\/\/excelenciapesquisas.com.br\/wp-content\/uploads\/2022\/08\/PESQUISA_SANDRA-KLEINSCHMITT-300x200.jpg 300w, https:\/\/excelenciapesquisas.com.br\/wp-content\/uploads\/2022\/08\/PESQUISA_SANDRA-KLEINSCHMITT-768x511.jpg 768w, https:\/\/excelenciapesquisas.com.br\/wp-content\/uploads\/2022\/08\/PESQUISA_SANDRA-KLEINSCHMITT-1536x1022.jpg 1536w, https:\/\/excelenciapesquisas.com.br\/wp-content\/uploads\/2022\/08\/PESQUISA_SANDRA-KLEINSCHMITT-2048x1363.jpg 2048w\" sizes=\"auto, (max-width: 1024px) 100vw, 1024px\" \/><\/figure>\n<\/div>\n\n\n\n<div class=\"wp-block-column is-vertically-aligned-center is-layout-flow wp-block-column-is-layout-flow\" style=\"flex-basis:50%\">\n<div style=\"height:10px\" aria-hidden=\"true\" class=\"wp-block-spacer\"><\/div>\n\n\n\n<h2 class=\"has-text-align-center has-neve-text-color-color has-text-color wp-block-heading\">Pesquisa<\/h2>\n\n\n\n<p class=\"has-text-align-center has-neve-text-color-color has-text-color\" style=\"font-size:17px\">Realizamos pesquisas registradas, internas quantitativas e qualitativas, administrativas, governamentais e para a iniciativa.<\/p>\n\n\n\n<div class=\"wp-block-buttons is-content-justification-center is-layout-flex wp-container-core-buttons-is-layout-a89b3969 wp-block-buttons-is-layout-flex\">\n<div class=\"wp-block-button is-style-primary\"><a class=\"wp-block-button__link\" href=\"https:\/\/api.whatsapp.com\/send?phone=5545999689179&amp;text=Ol%C3%A1%20Excel%C3%AAncia%20Pesquisas!%20Quero%20informa%C3%A7%C3%B5es%20sobre%20pesquisas%20eleitorais.\">SAIBA MAIS<\/a><\/div>\n<\/div>\n<\/div>\n<\/div>\n\n\n\n<div style=\"height:40px\" aria-hidden=\"true\" class=\"wp-block-spacer\"><\/div>\n<\/div>\n<\/div><\/div>\n\n\n\n<div class=\"wp-block-cover alignfull\" style=\"min-height:621px;aspect-ratio:unset;\"><span aria-hidden=\"true\" class=\"wp-block-cover__background has-nv-site-bg-background-color has-background-dim-100 has-background-dim\"><\/span><div class=\"wp-block-cover__inner-container is-layout-flow wp-block-cover-is-layout-flow\">\n<div class=\"wp-block-group is-layout-flow wp-block-group-is-layout-flow\">\n<div style=\"height:40px\" aria-hidden=\"true\" class=\"wp-block-spacer\"><\/div>\n\n\n\n<div class=\"wp-block-columns are-vertically-aligned-center is-layout-flex wp-container-core-columns-is-layout-28f84493 wp-block-columns-is-layout-flex\">\n<div class=\"wp-block-column is-vertically-aligned-center is-layout-flow wp-block-column-is-layout-flow\" style=\"flex-basis:50%\">\n<h2 class=\"has-text-align-center has-neve-text-color-color has-text-color wp-block-heading\">Consultoria<\/h2>\n\n\n\n<p class=\"has-text-align-center has-neve-text-color-color has-text-color\" style=\"font-size:17px\">Realizamos consultoria para pedidos de impugna\u00e7\u00e3o de pesquisas e para a constru\u00e7\u00e3o e aplica\u00e7\u00e3o de formul\u00e1rios.<\/p>\n\n\n\n<div class=\"wp-block-buttons is-content-justification-center is-layout-flex wp-container-core-buttons-is-layout-a89b3969 wp-block-buttons-is-layout-flex\">\n<div class=\"wp-block-button is-style-primary\"><a class=\"wp-block-button__link\" href=\"https:\/\/api.whatsapp.com\/send?phone=5545999689179&amp;text=Ol%C3%A1%20Excel%C3%AAncia%20Pesquisas!%20Quero%20informa%C3%A7%C3%B5es%20sobre%20consultoria.\">SAIBA MAIS<\/a><\/div>\n<\/div>\n\n\n\n<div style=\"height:0px\" aria-hidden=\"true\" class=\"wp-block-spacer\"><\/div>\n<\/div>\n\n\n\n<div class=\"wp-block-column is-vertically-aligned-center is-layout-flow wp-block-column-is-layout-flow\" style=\"flex-basis:50%\">\n<figure class=\"wp-block-image aligncenter size-large is-resized\"><img loading=\"lazy\" decoding=\"async\" src=\"https:\/\/excelenciapesquisas.com.br\/wp-content\/uploads\/2022\/08\/CONSULTORIA_SANDRA-KLEINSCHMITT-1024x1024.jpg\" alt=\"\" class=\"wp-image-129\" width=\"418\" height=\"418\" srcset=\"https:\/\/excelenciapesquisas.com.br\/wp-content\/uploads\/2022\/08\/CONSULTORIA_SANDRA-KLEINSCHMITT-1024x1024.jpg 1024w, https:\/\/excelenciapesquisas.com.br\/wp-content\/uploads\/2022\/08\/CONSULTORIA_SANDRA-KLEINSCHMITT-300x300.jpg 300w, https:\/\/excelenciapesquisas.com.br\/wp-content\/uploads\/2022\/08\/CONSULTORIA_SANDRA-KLEINSCHMITT-150x150.jpg 150w, https:\/\/excelenciapesquisas.com.br\/wp-content\/uploads\/2022\/08\/CONSULTORIA_SANDRA-KLEINSCHMITT-768x768.jpg 768w, https:\/\/excelenciapesquisas.com.br\/wp-content\/uploads\/2022\/08\/CONSULTORIA_SANDRA-KLEINSCHMITT-1536x1536.jpg 1536w, https:\/\/excelenciapesquisas.com.br\/wp-content\/uploads\/2022\/08\/CONSULTORIA_SANDRA-KLEINSCHMITT.jpg 2000w\" sizes=\"auto, (max-width: 418px) 100vw, 418px\" \/><\/figure>\n<\/div>\n<\/div>\n\n\n\n<div style=\"height:20px\" aria-hidden=\"true\" class=\"wp-block-spacer\"><\/div>\n<\/div>\n<\/div><\/div>\n\n\n\n<div class=\"wp-block-cover alignfull\" style=\"min-height:600px;aspect-ratio:unset;\"><span aria-hidden=\"true\" class=\"wp-block-cover__background has-nv-dark-bg-background-color has-background-dim-100 has-background-dim\"><\/span><div class=\"wp-block-cover__inner-container is-layout-flow wp-block-cover-is-layout-flow\">\n<div class=\"wp-block-group is-layout-flow wp-block-group-is-layout-flow\">\n<div style=\"height:50px\" aria-hidden=\"true\" class=\"wp-block-spacer\"><\/div>\n\n\n\n<div class=\"wp-block-columns are-vertically-aligned-center is-layout-flex wp-container-core-columns-is-layout-28f84493 wp-block-columns-is-layout-flex\">\n<div class=\"wp-block-column is-vertically-aligned-center is-layout-flow wp-block-column-is-layout-flow\" style=\"flex-basis:50%\">\n<figure class=\"wp-block-image aligncenter size-large\"><img loading=\"lazy\" decoding=\"async\" width=\"1024\" height=\"640\" src=\"https:\/\/excelenciapesquisas.com.br\/wp-content\/uploads\/2022\/08\/TREINAMENTO_SANDRA-KLEINSCHMITT-1024x640.jpg\" alt=\"\" class=\"wp-image-131\" srcset=\"https:\/\/excelenciapesquisas.com.br\/wp-content\/uploads\/2022\/08\/TREINAMENTO_SANDRA-KLEINSCHMITT-1024x640.jpg 1024w, https:\/\/excelenciapesquisas.com.br\/wp-content\/uploads\/2022\/08\/TREINAMENTO_SANDRA-KLEINSCHMITT-300x188.jpg 300w, https:\/\/excelenciapesquisas.com.br\/wp-content\/uploads\/2022\/08\/TREINAMENTO_SANDRA-KLEINSCHMITT-768x480.jpg 768w, https:\/\/excelenciapesquisas.com.br\/wp-content\/uploads\/2022\/08\/TREINAMENTO_SANDRA-KLEINSCHMITT-1536x960.jpg 1536w, https:\/\/excelenciapesquisas.com.br\/wp-content\/uploads\/2022\/08\/TREINAMENTO_SANDRA-KLEINSCHMITT-2048x1280.jpg 2048w\" sizes=\"auto, (max-width: 1024px) 100vw, 1024px\" \/><\/figure>\n<\/div>\n\n\n\n<div class=\"wp-block-column is-vertically-aligned-center is-layout-flow wp-block-column-is-layout-flow\" style=\"flex-basis:50%\">\n<div style=\"height:14px\" aria-hidden=\"true\" class=\"wp-block-spacer\"><\/div>\n\n\n\n<h2 class=\"has-text-align-center has-nv-text-dark-bg-color has-text-color wp-block-heading\">Treinamento<\/h2>\n\n\n\n<p class=\"has-text-align-center has-nv-text-dark-bg-color has-text-color\" style=\"font-size:17px\">Realizamos treinamento para organiza\u00e7\u00e3o e planejamento de campanhas eleitorais, e para trabalhar com as redes sociais do candidato.<\/p>\n\n\n\n<div class=\"wp-block-buttons is-content-justification-center is-layout-flex wp-container-core-buttons-is-layout-a89b3969 wp-block-buttons-is-layout-flex\">\n<div class=\"wp-block-button is-style-primary\"><a class=\"wp-block-button__link\" href=\"https:\/\/api.whatsapp.com\/send?phone=5545999689179&amp;text=Ol%C3%A1%20Excel%C3%AAncia%20Pesquisas!%20Quero%20informa%C3%A7%C3%B5es%20sobre%20seus%20treinamentos.\">SAIBA MAIS<\/a><\/div>\n<\/div>\n<\/div>\n<\/div>\n\n\n\n<div style=\"height:40px\" aria-hidden=\"true\" class=\"wp-block-spacer\"><\/div>\n<\/div>\n<\/div><\/div>\n\n\n\n<div style=\"height:40px\" aria-hidden=\"true\" class=\"wp-block-spacer\"><\/div>\n\n\n\n<div class=\"wp-block-cover alignfull\" style=\"min-height:450px;aspect-ratio:unset;\"><span aria-hidden=\"true\" class=\"wp-block-cover__background has-nv-site-bg-background-color has-background-dim-100 has-background-dim\"><\/span><div class=\"wp-block-cover__inner-container is-layout-flow wp-block-cover-is-layout-flow\">\n<div class=\"wp-block-group is-layout-flow wp-block-group-is-layout-flow\">\n<div style=\"height:0px\" aria-hidden=\"true\" class=\"wp-block-spacer\"><\/div>\n\n\n\n<h2 class=\"has-text-align-center has-neve-text-color-color has-text-color wp-block-heading\">Pesquisa \u00e9 a arte de prever o futuro!<\/h2>\n\n\n\n<figure class=\"wp-block-image aligncenter size-large is-resized\"><img loading=\"lazy\" decoding=\"async\" src=\"https:\/\/excelenciapesquisas.com.br\/wp-content\/uploads\/2022\/08\/PREVISAO-PESQUISA_SANDRA-KLEINSCHMITT-1024x683.jpg\" alt=\"\" class=\"wp-image-135\" width=\"507\" height=\"338\" srcset=\"https:\/\/excelenciapesquisas.com.br\/wp-content\/uploads\/2022\/08\/PREVISAO-PESQUISA_SANDRA-KLEINSCHMITT-1024x683.jpg 1024w, https:\/\/excelenciapesquisas.com.br\/wp-content\/uploads\/2022\/08\/PREVISAO-PESQUISA_SANDRA-KLEINSCHMITT-300x200.jpg 300w, https:\/\/excelenciapesquisas.com.br\/wp-content\/uploads\/2022\/08\/PREVISAO-PESQUISA_SANDRA-KLEINSCHMITT-768x512.jpg 768w, https:\/\/excelenciapesquisas.com.br\/wp-content\/uploads\/2022\/08\/PREVISAO-PESQUISA_SANDRA-KLEINSCHMITT-1536x1024.jpg 1536w, https:\/\/excelenciapesquisas.com.br\/wp-content\/uploads\/2022\/08\/PREVISAO-PESQUISA_SANDRA-KLEINSCHMITT-2048x1366.jpg 2048w, https:\/\/excelenciapesquisas.com.br\/wp-content\/uploads\/2022\/08\/PREVISAO-PESQUISA_SANDRA-KLEINSCHMITT-930x620.jpg 930w\" sizes=\"auto, (max-width: 507px) 100vw, 507px\" \/><\/figure>\n\n\n\n<div style=\"height:0px\" aria-hidden=\"true\" class=\"wp-block-spacer\"><\/div>\n\n\n\n<div class=\"wp-block-columns are-vertically-aligned-center is-layout-flex wp-container-core-columns-is-layout-28f84493 wp-block-columns-is-layout-flex\">\n<div class=\"wp-block-column is-vertically-aligned-center is-layout-flow wp-block-column-is-layout-flow\" style=\"flex-basis:50%\">\n<div style=\"height:0px\" aria-hidden=\"true\" class=\"wp-block-spacer\"><\/div>\n<\/div>\n\n\n\n<div class=\"wp-block-column is-vertically-aligned-center is-layout-flow wp-block-column-is-layout-flow\" style=\"flex-basis:50%\">\n<div style=\"height:0px\" aria-hidden=\"true\" class=\"wp-block-spacer\"><\/div>\n<\/div>\n<\/div>\n\n\n\n<div style=\"height:0px\" aria-hidden=\"true\" class=\"wp-block-spacer\"><\/div>\n<\/div>\n<\/div><\/div>\n\n\n\n<div class=\"wp-block-cover alignfull\" style=\"min-height:295px;aspect-ratio:unset;\"><span aria-hidden=\"true\" class=\"wp-block-cover__background has-nv-light-bg-background-color has-background-dim-100 has-background-dim\"><\/span><div class=\"wp-block-cover__inner-container is-layout-flow wp-block-cover-is-layout-flow\">\n<div style=\"height:80px\" aria-hidden=\"true\" class=\"wp-block-spacer\"><\/div>\n\n\n\n<div class=\"wp-block-columns is-layout-flex wp-container-core-columns-is-layout-28f84493 wp-block-columns-is-layout-flex\">\n<div class=\"wp-block-column is-layout-flow wp-block-column-is-layout-flow\">\n<p class=\"has-text-align-center has-neve-text-color-color has-text-color has-normal-font-size\">\u201cInvestigar \u00e9 a arte de gerar novos conhecimentos\u201d<\/p>\n\n\n\n<p class=\"has-text-align-center has-neve-text-color-color has-text-color\">NEIL ARMSTRONG<\/p>\n\n\n\n<div style=\"height:5px\" aria-hidden=\"true\" class=\"wp-block-spacer\"><\/div>\n<\/div>\n\n\n\n<div class=\"wp-block-column is-layout-flow wp-block-column-is-layout-flow\">\n<p class=\"has-text-align-center has-neve-text-color-color has-text-color has-normal-font-size\">\u201cSe soub\u00e9ssemos o que estamos fazendo, n\u00e3o seria chamado de pesquisa\u201d<\/p>\n\n\n\n<p class=\"has-text-align-center has-neve-text-color-color has-text-color\">ALBERT EINSTEIN<\/p>\n\n\n\n<div style=\"height:5px\" aria-hidden=\"true\" class=\"wp-block-spacer\"><\/div>\n<\/div>\n\n\n\n<div class=\"wp-block-column is-layout-flow wp-block-column-is-layout-flow\">\n<p class=\"has-text-align-center has-neve-text-color-color has-text-color has-normal-font-size\">\u201cA pesquisa \u00e9 ver o que todo mundo viu e pensar o que ningu\u00e9m pensou\u201d<\/p>\n\n\n\n<p class=\"has-text-align-center has-neve-text-color-color has-text-color\">ALBERT SZENT-GYORGYI<\/p>\n\n\n\n<div style=\"height:5px\" aria-hidden=\"true\" class=\"wp-block-spacer\"><\/div>\n<\/div>\n<\/div>\n\n\n\n<div style=\"height:20px\" aria-hidden=\"true\" class=\"wp-block-spacer\"><\/div>\n<\/div><\/div>\n\n\n\n<div class=\"wp-block-cover alignfull\" style=\"min-height:300px;aspect-ratio:unset;\"><span aria-hidden=\"true\" class=\"wp-block-cover__background has-nv-dark-bg-background-color has-background-dim-100 has-background-dim\"><\/span><div class=\"wp-block-cover__inner-container is-layout-flow wp-block-cover-is-layout-flow\">\n<div style=\"height:60px\" aria-hidden=\"true\" class=\"wp-block-spacer\"><\/div>\n\n\n\n<h2 class=\"has-text-align-center has-nv-text-dark-bg-color has-text-color wp-block-heading\">Em breve, mais produtos online!<\/h2>\n\n\n\n<p class=\"has-text-align-center has-medium-font-size\">\u2705 Lista de quest\u00f5es para compor um formul\u00e1rio.<\/p>\n\n\n\n<p class=\"has-text-align-center has-medium-font-size\">\u2705 Manual pr\u00e1tico para organizar a sua pr\u00f3pria campanha.<\/p>\n\n\n\n<div class=\"wp-block-buttons is-content-justification-center is-layout-flex wp-container-core-buttons-is-layout-a89b3969 wp-block-buttons-is-layout-flex\">\n<div class=\"wp-block-button is-style-primary\"><a class=\"wp-block-button__link\" href=\"https:\/\/api.whatsapp.com\/send?phone=5545999689179&amp;text=Ol%C3%A1%20Excel%C3%AAncia%20Pesquisas!%20Quero%20saber%20mais%20sobre%20seus%20treinamentos%20online.\">SAIBA MAIS<\/a><\/div>\n<\/div>\n\n\n\n<div style=\"height:50px\" aria-hidden=\"true\" class=\"wp-block-spacer\"><\/div>\n<\/div><\/div>\n","protected":false},"excerpt":{"rendered":"<p>Anos de experi\u00eancia A Excel\u00eancia Pesquisa e Consultoria Ltda, fundada em 2013, fez v\u00e1rias pesquisas eleitorais registradas no TSE. Servi\u00e7os Personalizados Nossos servi\u00e7os s\u00e3o feitos sob medida. Antes de irmos a campo, estudamos sua necessidade e o melhor custo benef\u00edcio. Agilidade Servi\u00e7o \u00e1gil e preciso, com coleta de campo por meio de software especializado.<\/p>\n","protected":false},"author":1,"featured_media":0,"parent":0,"menu_order":0,"comment_status":"closed","ping_status":"closed","template":"","meta":{"om_disable_all_campaigns":false,"_monsterinsights_skip_tracking":false,"_monsterinsights_sitenote_active":false,"_monsterinsights_sitenote_note":"","_monsterinsights_sitenote_category":0,"neve_meta_sidebar":"","neve_meta_container":"","neve_meta_enable_content_width":"on","neve_meta_content_width":100,"neve_meta_title_alignment":"","neve_meta_author_avatar":"","neve_post_elements_order":"","neve_meta_disable_header":"","neve_meta_disable_footer":"","neve_meta_disable_title":"on","footnotes":""},"class_list":["post-6","page","type-page","status-publish","hentry"],"aioseo_notices":[],"_links":{"self":[{"href":"https:\/\/excelenciapesquisas.com.br\/index.php\/wp-json\/wp\/v2\/pages\/6","targetHints":{"allow":["GET"]}}],"collection":[{"href":"https:\/\/excelenciapesquisas.com.br\/index.php\/wp-json\/wp\/v2\/pages"}],"about":[{"href":"https:\/\/excelenciapesquisas.com.br\/index.php\/wp-json\/wp\/v2\/types\/page"}],"author":[{"embeddable":true,"href":"https:\/\/excelenciapesquisas.com.br\/index.php\/wp-json\/wp\/v2\/users\/1"}],"replies":[{"embeddable":true,"href":"https:\/\/excelenciapesquisas.com.br\/index.php\/wp-json\/wp\/v2\/comments?post=6"}],"version-history":[{"count":79,"href":"https:\/\/excelenciapesquisas.com.br\/index.php\/wp-json\/wp\/v2\/pages\/6\/revisions"}],"predecessor-version":[{"id":245,"href":"https:\/\/excelenciapesquisas.com.br\/index.php\/wp-json\/wp\/v2\/pages\/6\/revisions\/245"}],"wp:attachment":[{"href":"https:\/\/excelenciapesquisas.com.br\/index.php\/wp-json\/wp\/v2\/media?parent=6"}],"curies":[{"name":"wp","href":"https:\/\/api.w.org\/{rel}","templated":true}]}}