{"id":7,"date":"2022-07-25T18:08:19","date_gmt":"2022-07-25T18:08:19","guid":{"rendered":"https:\/\/excelenciapesquisas.com.br\/?page_id=7"},"modified":"2022-08-30T21:21:06","modified_gmt":"2022-08-30T21:21:06","slug":"about","status":"publish","type":"page","link":"https:\/\/excelenciapesquisas.com.br\/index.php\/about\/","title":{"rendered":"Sobre"},"content":{"rendered":"\n<div class=\"wp-block-cover alignfull\" style=\"min-height:583px;aspect-ratio:unset;\"><span aria-hidden=\"true\" class=\"wp-block-cover__background has-nv-light-bg-background-color has-background-dim-100 has-background-dim\"><\/span><div class=\"wp-block-cover__inner-container is-layout-flow wp-block-cover-is-layout-flow\">\n<div class=\"wp-block-group is-layout-flow wp-block-group-is-layout-flow\">\n<div style=\"height:50px\" aria-hidden=\"true\" class=\"wp-block-spacer\"><\/div>\n\n\n\n<div class=\"wp-block-columns are-vertically-aligned-center is-layout-flex wp-container-core-columns-is-layout-28f84493 wp-block-columns-is-layout-flex\">\n<div class=\"wp-block-column is-vertically-aligned-center is-layout-flow wp-block-column-is-layout-flow\" style=\"flex-basis:50%\">\n<figure class=\"wp-block-image aligncenter size-large is-resized\"><img loading=\"lazy\" decoding=\"async\" src=\"https:\/\/excelenciapesquisas.com.br\/wp-content\/uploads\/2022\/08\/PESQUISA-DE-CAMPO_SANDRA-KLEINSCHMITT-1024x1024.jpeg\" alt=\"\" class=\"wp-image-144\" width=\"343\" height=\"343\" srcset=\"https:\/\/excelenciapesquisas.com.br\/wp-content\/uploads\/2022\/08\/PESQUISA-DE-CAMPO_SANDRA-KLEINSCHMITT-1024x1024.jpeg 1024w, https:\/\/excelenciapesquisas.com.br\/wp-content\/uploads\/2022\/08\/PESQUISA-DE-CAMPO_SANDRA-KLEINSCHMITT-300x300.jpeg 300w, https:\/\/excelenciapesquisas.com.br\/wp-content\/uploads\/2022\/08\/PESQUISA-DE-CAMPO_SANDRA-KLEINSCHMITT-150x150.jpeg 150w, https:\/\/excelenciapesquisas.com.br\/wp-content\/uploads\/2022\/08\/PESQUISA-DE-CAMPO_SANDRA-KLEINSCHMITT-768x768.jpeg 768w, https:\/\/excelenciapesquisas.com.br\/wp-content\/uploads\/2022\/08\/PESQUISA-DE-CAMPO_SANDRA-KLEINSCHMITT.jpeg 1080w\" sizes=\"auto, (max-width: 343px) 100vw, 343px\" \/><\/figure>\n<\/div>\n\n\n\n<div class=\"wp-block-column is-vertically-aligned-center is-layout-flow wp-block-column-is-layout-flow\" style=\"flex-basis:50%\">\n<h2 class=\"has-text-align-center has-neve-text-color-color has-text-color wp-block-heading\">Nossa hist\u00f3ria<\/h2>\n\n\n\n<p class=\"has-text-align-center has-neve-text-color-color has-text-color has-medium-font-size\"><font style=\"vertical-align: inherit;\"><font style=\"vertical-align: inherit;\">A Excel\u00eancia Pesquisa e Consultoria \u00e9 uma empresa que atua no ramo de pesquisas, consultoria e treinamento<\/font><font style=\"vertical-align: inherit;\">.<\/font><\/font><\/p>\n\n\n\n<p class=\"has-text-align-center has-neve-text-color-color has-text-color\"><font style=\"vertical-align: inherit;\"><font style=\"vertical-align: inherit;\">A empresa segue as normas da Justi\u00e7a Eleitoral e das leis vigentes no pa\u00eds. Com isso, possui registro no Conselho Regional de Estat\u00edstica da Regi\u00e3o Sul (CONRE4).<\/font><\/font><\/p>\n<\/div>\n<\/div>\n\n\n\n<div style=\"height:40px\" aria-hidden=\"true\" class=\"wp-block-spacer\"><\/div>\n<\/div>\n<\/div><\/div>\n\n\n\n<div class=\"wp-block-cover alignfull\" style=\"min-height:321px;aspect-ratio:unset;\"><span aria-hidden=\"true\" class=\"wp-block-cover__background has-nv-dark-bg-background-color has-background-dim-100 has-background-dim\"><\/span><div class=\"wp-block-cover__inner-container is-layout-flow wp-block-cover-is-layout-flow\">\n<div class=\"wp-block-group is-layout-flow wp-block-group-is-layout-flow\">\n<div style=\"height:50px\" aria-hidden=\"true\" class=\"wp-block-spacer\"><\/div>\n\n\n\n<div class=\"wp-block-columns are-vertically-aligned-center is-layout-flex wp-container-core-columns-is-layout-28f84493 wp-block-columns-is-layout-flex\">\n<div class=\"wp-block-column is-vertically-aligned-center is-layout-flow wp-block-column-is-layout-flow\" style=\"flex-basis:100%\">\n<h2 class=\"has-text-align-center has-nv-text-dark-bg-color has-text-color wp-block-heading\">Nossos Valores<\/h2>\n\n\n\n<p class=\"has-text-align-center has-nv-text-dark-bg-color has-text-color\">Entendemos que o trabalho com pesquisa requer, al\u00e9m de habilidades t\u00e9cnicas, a estrat\u00e9gia para obter as informa\u00e7\u00f5es necess\u00e1rias para o projeto pol\u00edtico, e muita \u00e9tica e responsabilidade.<\/p>\n\n\n\n<div style=\"height:0px\" aria-hidden=\"true\" class=\"wp-block-spacer\"><\/div>\n\n\n\n<div style=\"height:5px\" aria-hidden=\"true\" class=\"wp-block-spacer\"><\/div>\n<\/div>\n<\/div>\n\n\n\n<div style=\"height:40px\" aria-hidden=\"true\" class=\"wp-block-spacer\"><\/div>\n<\/div>\n<\/div><\/div>\n\n\n\n<div class=\"wp-block-cover alignfull\" style=\"min-height:335px;aspect-ratio:unset;\"><span aria-hidden=\"true\" class=\"wp-block-cover__background has-nv-site-bg-background-color has-background-dim-100 has-background-dim\"><\/span><div class=\"wp-block-cover__inner-container is-layout-flow wp-block-cover-is-layout-flow\">\n<div style=\"height:50px\" aria-hidden=\"true\" class=\"wp-block-spacer\"><\/div>\n\n\n\n<div class=\"wp-block-columns is-layout-flex wp-container-core-columns-is-layout-28f84493 wp-block-columns-is-layout-flex\">\n<div class=\"wp-block-column ticss-4ce656f1 is-layout-flow wp-block-column-is-layout-flow\">\n<figure class=\"wp-block-image aligncenter is-resized icon-style is-style-rounded\"><img loading=\"lazy\" decoding=\"async\" src=\"https:\/\/excelenciapesquisas.com.br\/wp-content\/themes\/neve\/assets\/img\/starter-content\/icon-03.svg\" alt=\"\" width=\"48\" height=\"48\"\/><\/figure>\n\n\n\n<h3 class=\"has-text-align-center has-neve-text-color-color has-text-color wp-block-heading\">Miss\u00e3o<\/h3>\n\n\n\n<p class=\"has-text-align-center has-neve-text-color-color has-text-color\" style=\"font-size:15px\">Coletar informa\u00e7\u00f5es com qualidade e agilidade, prestar consultorias eficientes e ofertar treinamentos com qualidade e \u00e9tica.<\/p>\n\n\n\n<div style=\"height:20px\" aria-hidden=\"true\" class=\"wp-block-spacer\"><\/div>\n<\/div>\n\n\n\n<div class=\"wp-block-column ticss-f6fc7494 is-layout-flow wp-block-column-is-layout-flow\">\n<figure class=\"wp-block-image aligncenter is-resized icon-style is-style-rounded\"><img loading=\"lazy\" decoding=\"async\" src=\"https:\/\/excelenciapesquisas.com.br\/wp-content\/themes\/neve\/assets\/img\/starter-content\/icon-03.svg\" alt=\"\" width=\"48\" height=\"48\"\/><\/figure>\n\n\n\n<h3 class=\"has-text-align-center has-neve-text-color-color has-text-color wp-block-heading\">Vis\u00e3o<\/h3>\n\n\n\n<p class=\"has-text-align-center has-neve-text-color-color has-text-color\" style=\"font-size:15px\">Ser uma empresa refer\u00eancia na presta\u00e7\u00e3o de servi\u00e7os em pesquisa, consultoria e treinamento.<\/p>\n\n\n\n<div style=\"height:20px\" aria-hidden=\"true\" class=\"wp-block-spacer\"><\/div>\n<\/div>\n\n\n\n<div class=\"wp-block-column ticss-a5b4df29 is-layout-flow wp-block-column-is-layout-flow\">\n<figure class=\"wp-block-image aligncenter is-resized icon-style is-style-rounded\"><img loading=\"lazy\" decoding=\"async\" src=\"https:\/\/excelenciapesquisas.com.br\/wp-content\/themes\/neve\/assets\/img\/starter-content\/icon-03.svg\" alt=\"\" width=\"48\" height=\"48\"\/><\/figure>\n\n\n\n<h3 class=\"has-text-align-center has-neve-text-color-color has-text-color wp-block-heading\">Valores<\/h3>\n\n\n\n<p class=\"has-text-align-center has-neve-text-color-color has-text-color\" style=\"font-size:15px\">\u00c9tica, Efici\u00eancia e Agilidade.<\/p>\n\n\n\n<div style=\"height:20px\" aria-hidden=\"true\" class=\"wp-block-spacer\"><\/div>\n<\/div>\n<\/div>\n\n\n\n<div style=\"height:40px\" aria-hidden=\"true\" class=\"wp-block-spacer\"><\/div>\n<\/div><\/div>\n\n\n\n<div class=\"wp-block-cover alignfull\" style=\"min-height:827px;aspect-ratio:unset;\"><span aria-hidden=\"true\" class=\"wp-block-cover__background has-nv-light-bg-background-color has-background-dim-100 has-background-dim\"><\/span><div class=\"wp-block-cover__inner-container is-layout-flow wp-block-cover-is-layout-flow\">\n<div class=\"wp-block-group is-layout-flow wp-block-group-is-layout-flow\">\n<div style=\"height:50px\" aria-hidden=\"true\" class=\"wp-block-spacer\"><\/div>\n\n\n\n<div class=\"wp-block-columns is-layout-flex wp-container-core-columns-is-layout-28f84493 wp-block-columns-is-layout-flex\">\n<div class=\"wp-block-column is-layout-flow wp-block-column-is-layout-flow\">\n<figure class=\"wp-block-image aligncenter size-large is-resized\"><img loading=\"lazy\" decoding=\"async\" src=\"https:\/\/excelenciapesquisas.com.br\/wp-content\/uploads\/2022\/08\/FOTO_SANDRA-KLEINSCHMITT-576x1024.jpeg\" alt=\"\" class=\"wp-image-145\" width=\"268\" height=\"476\" srcset=\"https:\/\/excelenciapesquisas.com.br\/wp-content\/uploads\/2022\/08\/FOTO_SANDRA-KLEINSCHMITT-576x1024.jpeg 576w, https:\/\/excelenciapesquisas.com.br\/wp-content\/uploads\/2022\/08\/FOTO_SANDRA-KLEINSCHMITT-169x300.jpeg 169w, https:\/\/excelenciapesquisas.com.br\/wp-content\/uploads\/2022\/08\/FOTO_SANDRA-KLEINSCHMITT.jpeg 720w\" sizes=\"auto, (max-width: 268px) 100vw, 268px\" \/><\/figure>\n\n\n\n<h3 class=\"has-text-align-center has-neve-text-color-color has-text-color wp-block-heading\">Dra Sandra Kleinschmitt<\/h3>\n\n\n\n<p class=\"has-text-align-center has-neve-text-color-color has-text-color\">Diretora<\/p>\n\n\n\n<p class=\"has-text-align-center has-neve-link-color-color has-text-color\">Pesquisadora Social e Consultora Pol\u00edtica. \u00c9 Diretora da Excel\u00eancia Pesquisas e idealizadora do @politicativa. \u00c9 doutora em Sociologia pela UFRGS e atua com pesquisas eleitorais e acad\u00eamicas desde 2003. Foi professora em cursos superiores durante 11 anos, lecionando sociologia e metodologia da pesquisa. Atua tamb\u00e9m como palestrante, consultora pol\u00edtica, elabora\u00e7\u00e3o de projetos esportivos e culturais, e com capta\u00e7\u00e3o de recursos. \u00c9 acad\u00eamica do curso de Direito.<\/p>\n\n\n\n<ul class=\"wp-block-social-links aligncenter is-content-justification-center is-layout-flex wp-container-core-social-links-is-layout-a89b3969 wp-block-social-links-is-layout-flex\"><\/ul>\n\n\n\n<div style=\"height:0px\" aria-hidden=\"true\" class=\"wp-block-spacer\"><\/div>\n<\/div>\n<\/div>\n\n\n\n<div style=\"height:0px\" aria-hidden=\"true\" class=\"wp-block-spacer\"><\/div>\n<\/div>\n<\/div><\/div>\n","protected":false},"excerpt":{"rendered":"","protected":false},"author":1,"featured_media":0,"parent":0,"menu_order":0,"comment_status":"closed","ping_status":"closed","template":"","meta":{"om_disable_all_campaigns":false,"_monsterinsights_skip_tracking":false,"_monsterinsights_sitenote_active":false,"_monsterinsights_sitenote_note":"","_monsterinsights_sitenote_category":0,"neve_meta_sidebar":"","neve_meta_container":"","neve_meta_enable_content_width":"on","neve_meta_content_width":100,"neve_meta_title_alignment":"","neve_meta_author_avatar":"","neve_post_elements_order":"","neve_meta_disable_header":"","neve_meta_disable_footer":"","neve_meta_disable_title":"on","footnotes":""},"class_list":["post-7","page","type-page","status-publish","hentry"],"aioseo_notices":[],"_links":{"self":[{"href":"https:\/\/excelenciapesquisas.com.br\/index.php\/wp-json\/wp\/v2\/pages\/7","targetHints":{"allow":["GET"]}}],"collection":[{"href":"https:\/\/excelenciapesquisas.com.br\/index.php\/wp-json\/wp\/v2\/pages"}],"about":[{"href":"https:\/\/excelenciapesquisas.com.br\/index.php\/wp-json\/wp\/v2\/types\/page"}],"author":[{"embeddable":true,"href":"https:\/\/excelenciapesquisas.com.br\/index.php\/wp-json\/wp\/v2\/users\/1"}],"replies":[{"embeddable":true,"href":"https:\/\/excelenciapesquisas.com.br\/index.php\/wp-json\/wp\/v2\/comments?post=7"}],"version-history":[{"count":32,"href":"https:\/\/excelenciapesquisas.com.br\/index.php\/wp-json\/wp\/v2\/pages\/7\/revisions"}],"predecessor-version":[{"id":253,"href":"https:\/\/excelenciapesquisas.com.br\/index.php\/wp-json\/wp\/v2\/pages\/7\/revisions\/253"}],"wp:attachment":[{"href":"https:\/\/excelenciapesquisas.com.br\/index.php\/wp-json\/wp\/v2\/media?parent=7"}],"curies":[{"name":"wp","href":"https:\/\/api.w.org\/{rel}","templated":true}]}}