{"id":9,"date":"2022-07-25T18:08:19","date_gmt":"2022-07-25T18:08:19","guid":{"rendered":"https:\/\/excelenciapesquisas.com.br\/?page_id=9"},"modified":"2022-08-30T20:54:21","modified_gmt":"2022-08-30T20:54:21","slug":"portofolio","status":"publish","type":"page","link":"https:\/\/excelenciapesquisas.com.br\/index.php\/portofolio\/","title":{"rendered":"Portf\u00f3lio"},"content":{"rendered":"\n<div class=\"wp-block-cover alignfull\" style=\"min-height:415px;aspect-ratio:unset;\"><span aria-hidden=\"true\" class=\"wp-block-cover__background has-nv-light-bg-background-color has-background-dim-100 has-background-dim\"><\/span><div class=\"wp-block-cover__inner-container is-layout-flow wp-block-cover-is-layout-flow\">\n<div class=\"wp-block-group is-layout-flow wp-block-group-is-layout-flow\">\n<div style=\"height:50px\" aria-hidden=\"true\" class=\"wp-block-spacer\"><\/div>\n\n\n\n<div class=\"wp-block-columns are-vertically-aligned-center is-layout-flex wp-container-core-columns-is-layout-28f84493 wp-block-columns-is-layout-flex\">\n<div class=\"wp-block-column is-vertically-aligned-center is-layout-flow wp-block-column-is-layout-flow\" style=\"flex-basis:50%\">\n<h3 class=\"has-text-align-center has-neve-text-color-color has-text-color wp-block-heading\"><font style=\"vertical-align: inherit;\"><font style=\"vertical-align: inherit;\"><font style=\"vertical-align: inherit;\"><font style=\"vertical-align: inherit;\">P<\/font><\/font><\/font><\/font><font style=\"vertical-align: inherit;\"><font style=\"vertical-align: inherit;\">esquisa registrada &#8211; Toledo\/PR<\/font><\/font><\/h3>\n\n\n\n<p class=\"has-text-align-center has-neve-text-color-color has-text-color\">Nas elei\u00e7\u00f5es 2020, realizamos tr\u00eas pesquisas eleitorais registradas para coletar as inten\u00e7\u00f5es de voto dos eleitores do munic\u00edpio de Toledo. Todas com acur\u00e1cia nas urnas.<\/p>\n\n\n\n<div class=\"wp-block-buttons is-content-justification-center is-layout-flex wp-container-core-buttons-is-layout-a89b3969 wp-block-buttons-is-layout-flex\">\n<div class=\"wp-block-button is-style-primary\"><a class=\"wp-block-button__link\" href=\"https:\/\/gazetadetoledo.com.br\/institutos-de-pesquisas-quais-foram-eficientes-e-quais-sao-os-picaretas\/\"><font style=\"vertical-align: inherit;\"><font style=\"vertical-align: inherit;\">ACESSE <\/font><\/font>A DIVULGA\u00c7\u00c3O <\/a><\/div>\n<\/div>\n\n\n\n<div style=\"height:8px\" aria-hidden=\"true\" class=\"wp-block-spacer\"><\/div>\n<\/div>\n\n\n\n<div class=\"wp-block-column is-vertically-aligned-center is-layout-flow wp-block-column-is-layout-flow\" style=\"flex-basis:50%\">\n<h3 class=\"has-text-align-center has-neve-text-color-color has-text-color wp-block-heading\">Pesquisa registrada &#8211; Mercedes\/PR<\/h3>\n\n\n\n<p class=\"has-text-align-center has-neve-text-color-color has-text-color\">Nas elei\u00e7\u00f5es 2020, realizamos uma pesquisa eleitoral registrada para coletar as inten\u00e7\u00f5es de voto dos eleitores do munic\u00edpio de Mercedes. A pesquisa teve acur\u00e1cia nas urnas.<\/p>\n\n\n\n<div class=\"wp-block-buttons is-content-justification-center is-layout-flex wp-container-core-buttons-is-layout-a89b3969 wp-block-buttons-is-layout-flex\">\n<div class=\"wp-block-button is-style-primary\"><a class=\"wp-block-button__link\" href=\"https:\/\/www.facebook.com\/picoloesportenoticia\/photos\/a.111076007049706\/204362111054428\/\"><font style=\"vertical-align: inherit;\"><font style=\"vertical-align: inherit;\">ACESSE <\/font><\/font>A DIVULGA\u00c7\u00c3O <\/a><\/div>\n<\/div>\n\n\n\n<div style=\"height:5px\" aria-hidden=\"true\" class=\"wp-block-spacer\"><\/div>\n<\/div>\n<\/div>\n\n\n\n<div style=\"height:40px\" aria-hidden=\"true\" class=\"wp-block-spacer\"><\/div>\n<\/div>\n<\/div><\/div>\n\n\n\n<div class=\"wp-block-cover alignfull\" style=\"min-height:453px;aspect-ratio:unset;\"><span aria-hidden=\"true\" class=\"wp-block-cover__background has-nv-site-bg-background-color has-background-dim-100 has-background-dim\"><\/span><div class=\"wp-block-cover__inner-container is-layout-flow wp-block-cover-is-layout-flow\">\n<div class=\"wp-block-group is-layout-flow wp-block-group-is-layout-flow\">\n<div style=\"height:50px\" aria-hidden=\"true\" class=\"wp-block-spacer\"><\/div>\n\n\n\n<div class=\"wp-block-columns are-vertically-aligned-center is-layout-flex wp-container-core-columns-is-layout-28f84493 wp-block-columns-is-layout-flex\">\n<div class=\"wp-block-column is-vertically-aligned-center is-layout-flow wp-block-column-is-layout-flow\" style=\"flex-basis:50%\">\n<h3 class=\"has-text-align-center has-neve-text-color-color has-text-color wp-block-heading\">Pesquisa registrada &#8211; Pato Bragado\/PR<\/h3>\n\n\n\n<p class=\"has-text-align-center has-neve-text-color-color has-text-color\">Nas elei\u00e7\u00f5es 2020, realizamos uma pesquisa eleitoral registrada para coletar as inten\u00e7\u00f5es de voto dos eleitores do munic\u00edpio de Mercedes. A pesquisa teve acur\u00e1cia nas urnas.<\/p>\n\n\n\n<div class=\"wp-block-buttons is-content-justification-center is-layout-flex wp-container-core-buttons-is-layout-a89b3969 wp-block-buttons-is-layout-flex\">\n<div class=\"wp-block-button is-style-primary\"><a class=\"wp-block-button__link\" href=\"https:\/\/m.facebook.com\/picoloesportenoticia\/photos\/a.111076007049706\/206351070855532\/?type=3&amp;source=48\"><font style=\"vertical-align: inherit;\"><font style=\"vertical-align: inherit;\">ACESSE <\/font><\/font>A DIVULGA\u00c7\u00c3O <\/a><\/div>\n<\/div>\n\n\n\n<div style=\"height:0px\" aria-hidden=\"true\" class=\"wp-block-spacer\"><\/div>\n<\/div>\n\n\n\n<div class=\"wp-block-column is-vertically-aligned-center is-layout-flow wp-block-column-is-layout-flow\" style=\"flex-basis:50%\">\n<h3 class=\"has-text-align-center has-neve-text-color-color has-text-color wp-block-heading\">Pesquisa registrada &#8211; S\u00e3o Jos\u00e9 das Palmeiras\/PR<\/h3>\n\n\n\n<p class=\"has-text-align-center has-neve-text-color-color has-text-color\">Nas elei\u00e7\u00f5es 2016, realizamos duas pesquisas eleitorais registradas para coletar as inten\u00e7\u00f5es de voto dos eleitores do munic\u00edpio de S\u00e3o Jos\u00e9 das Palmeiras. Ambas as pesquisas tiveram acur\u00e1cia nas urnas.<\/p>\n\n\n\n<div class=\"wp-block-buttons is-content-justification-center is-layout-flex wp-container-core-buttons-is-layout-a89b3969 wp-block-buttons-is-layout-flex\">\n<div class=\"wp-block-button is-style-primary\"><a class=\"wp-block-button__link\" href=\"https:\/\/www.jornaldooeste.com.br\/regiao\/2016\/09\/2a-pesquisa-confirma-o-favoritismo-de-gilberto-salvador\/2249485\/\"><font style=\"vertical-align: inherit;\"><font style=\"vertical-align: inherit;\">ACESSE <\/font><\/font>A DIVULGA\u00c7\u00c3O <\/a><\/div>\n<\/div>\n\n\n\n<div style=\"height:3px\" aria-hidden=\"true\" class=\"wp-block-spacer\"><\/div>\n<\/div>\n<\/div>\n\n\n\n<div style=\"height:40px\" aria-hidden=\"true\" class=\"wp-block-spacer\"><\/div>\n<\/div>\n<\/div><\/div>\n\n\n\n<div class=\"wp-block-cover alignfull\" style=\"min-height:214px;aspect-ratio:unset;\"><span aria-hidden=\"true\" class=\"wp-block-cover__background has-nv-dark-bg-background-color has-background-dim-100 has-background-dim\"><\/span><div class=\"wp-block-cover__inner-container is-layout-flow wp-block-cover-is-layout-flow\">\n<div style=\"height:60px\" aria-hidden=\"true\" class=\"wp-block-spacer\"><\/div>\n\n\n\n<p class=\"has-text-align-center has-nv-text-dark-bg-color has-text-color\"><font style=\"vertical-align: inherit;\"><font style=\"vertical-align: inherit;\">\u201cPesquisas internas e pesquisas para divulga\u00e7\u00e3o t\u00eam finalidades distintas. Mas ambas precisam ser bem feitas e seguir os princ\u00edpios da ci\u00eancia e da \u00e9tica &#8220;<\/font><\/font><\/p>\n\n\n\n<p class=\"has-text-align-center has-nv-text-dark-bg-color has-text-color\" style=\"font-size:14px\">SANDRA KLEINSCHMITT <\/p>\n\n\n\n<div style=\"height:40px\" aria-hidden=\"true\" class=\"wp-block-spacer\"><\/div>\n<\/div><\/div>\n","protected":false},"excerpt":{"rendered":"","protected":false},"author":1,"featured_media":0,"parent":0,"menu_order":0,"comment_status":"closed","ping_status":"closed","template":"","meta":{"om_disable_all_campaigns":false,"_monsterinsights_skip_tracking":false,"_monsterinsights_sitenote_active":false,"_monsterinsights_sitenote_note":"","_monsterinsights_sitenote_category":0,"neve_meta_sidebar":"","neve_meta_container":"","neve_meta_enable_content_width":"on","neve_meta_content_width":100,"neve_meta_title_alignment":"","neve_meta_author_avatar":"","neve_post_elements_order":"","neve_meta_disable_header":"","neve_meta_disable_footer":"","neve_meta_disable_title":"on","footnotes":""},"class_list":["post-9","page","type-page","status-publish","hentry"],"aioseo_notices":[],"_links":{"self":[{"href":"https:\/\/excelenciapesquisas.com.br\/index.php\/wp-json\/wp\/v2\/pages\/9","targetHints":{"allow":["GET"]}}],"collection":[{"href":"https:\/\/excelenciapesquisas.com.br\/index.php\/wp-json\/wp\/v2\/pages"}],"about":[{"href":"https:\/\/excelenciapesquisas.com.br\/index.php\/wp-json\/wp\/v2\/types\/page"}],"author":[{"embeddable":true,"href":"https:\/\/excelenciapesquisas.com.br\/index.php\/wp-json\/wp\/v2\/users\/1"}],"replies":[{"embeddable":true,"href":"https:\/\/excelenciapesquisas.com.br\/index.php\/wp-json\/wp\/v2\/comments?post=9"}],"version-history":[{"count":22,"href":"https:\/\/excelenciapesquisas.com.br\/index.php\/wp-json\/wp\/v2\/pages\/9\/revisions"}],"predecessor-version":[{"id":220,"href":"https:\/\/excelenciapesquisas.com.br\/index.php\/wp-json\/wp\/v2\/pages\/9\/revisions\/220"}],"wp:attachment":[{"href":"https:\/\/excelenciapesquisas.com.br\/index.php\/wp-json\/wp\/v2\/media?parent=9"}],"curies":[{"name":"wp","href":"https:\/\/api.w.org\/{rel}","templated":true}]}}